{"id":285,"date":"2019-06-24T12:06:35","date_gmt":"2019-06-24T10:06:35","guid":{"rendered":"https:\/\/www.geraldinemaurin.com\/pouratlefaire\/?page_id=285"},"modified":"2020-01-03T03:48:13","modified_gmt":"2020-01-03T02:48:13","slug":"lecoindemathilde","status":"publish","type":"page","link":"https:\/\/www.geraldinemaurin.com\/pouratlefaire\/lecoindemathilde\/","title":{"rendered":"Le coin de Mathilde"},"content":{"rendered":"<p>Tour de passe passe \u00e0 Kanchanaburi, Chez Baanmama, No\u00ebl 2019<\/p>\n<div style=\"width: 1920px;\" class=\"wp-video\"><!--[if lt IE 9]><script>document.createElement('video');<\/script><![endif]-->\n<video class=\"wp-video-shortcode\" id=\"video-285-1\" width=\"1920\" height=\"1080\" preload=\"metadata\" controls=\"controls\"><source type=\"video\/mp4\" src=\"https:\/\/www.geraldinemaurin.com\/pouratlefaire\/wp-content\/uploads\/2020\/01\/IMG_5400.mp4?_=1\" \/><a href=\"https:\/\/www.geraldinemaurin.com\/pouratlefaire\/wp-content\/uploads\/2020\/01\/IMG_5400.mp4\">https:\/\/www.geraldinemaurin.com\/pouratlefaire\/wp-content\/uploads\/2020\/01\/IMG_5400.mp4<\/a><\/video><\/div>\n<p>Tour de carte chez Muriel et Sven &#8211; Octobre 2019<\/p>\n<div style=\"width: 1920px;\" class=\"wp-video\"><video class=\"wp-video-shortcode\" id=\"video-285-2\" width=\"1920\" height=\"1080\" preload=\"metadata\" controls=\"controls\"><source type=\"video\/mp4\" src=\"https:\/\/www.geraldinemaurin.com\/pouratlefaire\/wp-content\/uploads\/2019\/11\/IMG_4189.mp4?_=2\" \/><a href=\"https:\/\/www.geraldinemaurin.com\/pouratlefaire\/wp-content\/uploads\/2019\/11\/IMG_4189.mp4\">https:\/\/www.geraldinemaurin.com\/pouratlefaire\/wp-content\/uploads\/2019\/11\/IMG_4189.mp4<\/a><\/video><\/div>\n<p>Apprentie reporter! R\u00e9publique Tch\u00e8que &#8211; Octobre 2019<\/p>\n<div style=\"width: 1920px;\" class=\"wp-video\"><video class=\"wp-video-shortcode\" id=\"video-285-3\" width=\"1920\" height=\"1080\" preload=\"metadata\" controls=\"controls\"><source type=\"video\/mp4\" src=\"https:\/\/www.geraldinemaurin.com\/pouratlefaire\/wp-content\/uploads\/2019\/10\/E8DC1102-ED9E-48CD-8B28-7CE24548295D.mp4?_=3\" \/><a href=\"https:\/\/www.geraldinemaurin.com\/pouratlefaire\/wp-content\/uploads\/2019\/10\/E8DC1102-ED9E-48CD-8B28-7CE24548295D.mp4\">https:\/\/www.geraldinemaurin.com\/pouratlefaire\/wp-content\/uploads\/2019\/10\/E8DC1102-ED9E-48CD-8B28-7CE24548295D.mp4<\/a><\/video><\/div>\n<p>Le tour de passe-passe de Mathilde, elle arrive \u00e0 nous faire traverser les arbres! Pologne &#8211; Octobre 2019<\/p>\n<p><img loading=\"lazy\" class=\"alignnone wp-image-1181 size-large\" src=\"https:\/\/www.geraldinemaurin.com\/pouratlefaire\/wp-content\/uploads\/2019\/10\/9D78E1BF-EC4E-40FA-BE7E-4C5138E82DEE-1024x648.jpeg\" alt=\"\" width=\"1024\" height=\"648\" srcset=\"https:\/\/www.geraldinemaurin.com\/pouratlefaire\/wp-content\/uploads\/2019\/10\/9D78E1BF-EC4E-40FA-BE7E-4C5138E82DEE-1024x648.jpeg 1024w, https:\/\/www.geraldinemaurin.com\/pouratlefaire\/wp-content\/uploads\/2019\/10\/9D78E1BF-EC4E-40FA-BE7E-4C5138E82DEE-300x190.jpeg 300w, https:\/\/www.geraldinemaurin.com\/pouratlefaire\/wp-content\/uploads\/2019\/10\/9D78E1BF-EC4E-40FA-BE7E-4C5138E82DEE-768x486.jpeg 768w, https:\/\/www.geraldinemaurin.com\/pouratlefaire\/wp-content\/uploads\/2019\/10\/9D78E1BF-EC4E-40FA-BE7E-4C5138E82DEE-1320x836.jpeg 1320w, https:\/\/www.geraldinemaurin.com\/pouratlefaire\/wp-content\/uploads\/2019\/10\/9D78E1BF-EC4E-40FA-BE7E-4C5138E82DEE.jpeg 1600w\" sizes=\"(max-width: 1024px) 100vw, 1024px\" \/><\/p>\n<p>Magica! Cracovie &#8211; Pologne &#8211; octobre 2019<\/p>\n<p><img loading=\"lazy\" class=\"alignnone wp-image-1127 size-large\" src=\"https:\/\/www.geraldinemaurin.com\/pouratlefaire\/wp-content\/uploads\/2019\/10\/A03A7C25-1DFD-4F6F-8ACE-C0A69C440C23-e1571000785857-768x1024.jpeg\" alt=\"\" width=\"768\" height=\"1024\" srcset=\"https:\/\/www.geraldinemaurin.com\/pouratlefaire\/wp-content\/uploads\/2019\/10\/A03A7C25-1DFD-4F6F-8ACE-C0A69C440C23-e1571000785857-768x1024.jpeg 768w, https:\/\/www.geraldinemaurin.com\/pouratlefaire\/wp-content\/uploads\/2019\/10\/A03A7C25-1DFD-4F6F-8ACE-C0A69C440C23-e1571000785857-225x300.jpeg 225w, https:\/\/www.geraldinemaurin.com\/pouratlefaire\/wp-content\/uploads\/2019\/10\/A03A7C25-1DFD-4F6F-8ACE-C0A69C440C23-e1571000785857.jpeg 1200w\" sizes=\"(max-width: 768px) 100vw, 768px\" \/><\/p>\n<p>Apprentie magicienne!<\/p>\n<div style=\"width: 1920px;\" class=\"wp-video\"><video class=\"wp-video-shortcode\" id=\"video-285-4\" width=\"1920\" height=\"1080\" preload=\"metadata\" controls=\"controls\"><source type=\"video\/mp4\" src=\"https:\/\/www.geraldinemaurin.com\/pouratlefaire\/wp-content\/uploads\/2019\/10\/64C89028-401E-4315-8247-38CB12C755B7.mp4?_=4\" \/><a href=\"https:\/\/www.geraldinemaurin.com\/pouratlefaire\/wp-content\/uploads\/2019\/10\/64C89028-401E-4315-8247-38CB12C755B7.mp4\">https:\/\/www.geraldinemaurin.com\/pouratlefaire\/wp-content\/uploads\/2019\/10\/64C89028-401E-4315-8247-38CB12C755B7.mp4<\/a><\/video><\/div>\n<p>Pendant le voyage, je choisis des po\u00e9sies dans un ancien recueil de papa ! Juin 2019<\/p>\n<p><a href=\"https:\/\/www.geraldinemaurin.com\/pouratlefaire\/wp-content\/uploads\/2019\/06\/image1-e1561370999795.jpeg\"><img loading=\"lazy\" class=\"wp-image-290 alignleft\" src=\"https:\/\/www.geraldinemaurin.com\/pouratlefaire\/wp-content\/uploads\/2019\/06\/image1-e1561370999795-225x300.jpeg\" alt=\"\" width=\"242\" height=\"323\" srcset=\"https:\/\/www.geraldinemaurin.com\/pouratlefaire\/wp-content\/uploads\/2019\/06\/image1-e1561370999795-225x300.jpeg 225w, https:\/\/www.geraldinemaurin.com\/pouratlefaire\/wp-content\/uploads\/2019\/06\/image1-e1561370999795-768x1024.jpeg 768w, https:\/\/www.geraldinemaurin.com\/pouratlefaire\/wp-content\/uploads\/2019\/06\/image1-e1561370999795.jpeg 1200w\" sizes=\"(max-width: 242px) 100vw, 242px\" \/><\/a><strong>Paysages<\/strong><\/p>\n<p>Pas une feuille qui bouge,<br \/>\nPas un seul oiseau chantant,<br \/>\nAu bord de l\u2019horizon rouge<br \/>\nUn \u00e9clair intermittent ;<\/p>\n<p>D\u2019un c\u00f4t\u00e9 rares broussailles,<br \/>\nSillons \u00e0 demi noy\u00e9s,<br \/>\nPans gris\u00e2tres de murailles,<br \/>\nSaules noueux et ploy\u00e9s ;<\/p>\n<p>De l\u2019autre un champ que termine<br \/>\nUn large foss\u00e9 plein d\u2019eau,<br \/>\nUne vieille qui chemine<br \/>\nAvec un pesant fardeau,<\/p>\n<p>Et puis la route qui plonge<br \/>\nDans le flanc des coteaux bleus,<br \/>\nEt comme un ruban s\u2019allonge<br \/>\nEn minces plis onduleux<\/p>\n<p><strong>Th\u00e9ophile Gautier<\/strong><\/p>\n<!--[if lt IE 9]><script>document.createElement('audio');<\/script><![endif]-->\n\t<div class=\"wp-playlist wp-audio-playlist wp-playlist-light\">\n\t\t<div class=\"wp-playlist-current-item\"><\/div>\n\t\t<audio controls=\"controls\" preload=\"none\" width=\"\n\t\t\t\t640\t\"\n\t\t><\/audio>\n\t<div class=\"wp-playlist-next\"><\/div>\n\t<div class=\"wp-playlist-prev\"><\/div>\n\t<noscript>\n\t<ol>\n\t<li><a href='https:\/\/www.geraldinemaurin.com\/pouratlefaire\/wp-content\/uploads\/2019\/06\/Paysages-the\u0301ophile-Gautier.m4a'>Paysages Theophile Gautier par Mathilde<\/a><\/li>\t<\/ol>\n\t<\/noscript>\n\t<script type=\"application\/json\" class=\"wp-playlist-script\">{\"type\":\"audio\",\"tracklist\":false,\"tracknumbers\":true,\"images\":false,\"artists\":false,\"tracks\":[{\"src\":\"https:\\\/\\\/www.geraldinemaurin.com\\\/pouratlefaire\\\/wp-content\\\/uploads\\\/2019\\\/06\\\/Paysages-the\\u0301ophile-Gautier.m4a\",\"type\":\"audio\\\/mpeg\",\"title\":\"Paysages Theophile Gautier par Mathilde\",\"caption\":\"\",\"description\":\"<i>Paysages the\\u0301ophile Gautier<\\\/i>.\",\"meta\":{\"length_formatted\":\"0:40\"},\"image\":{\"src\":\"https:\\\/\\\/www.geraldinemaurin.com\\\/pouratlefaire\\\/wp-includes\\\/images\\\/media\\\/audio.png\",\"width\":48,\"height\":64},\"thumb\":{\"src\":\"https:\\\/\\\/www.geraldinemaurin.com\\\/pouratlefaire\\\/wp-includes\\\/images\\\/media\\\/audio.png\",\"width\":48,\"height\":64}}]}<\/script>\n<\/div>\n\t\n","protected":false},"excerpt":{"rendered":"<p>Tour de passe passe \u00e0 Kanchanaburi, Chez Baanmama, No\u00ebl 2019 Tour de carte chez Muriel et Sven &#8211; Octobre 2019 Apprentie reporter! R\u00e9publique Tch\u00e8que &#8211; Octobre 2019 Le tour de passe-passe de Mathilde, elle arrive \u00e0 nous faire traverser les arbres! Pologne &#8211; Octobre 2019 Magica! Cracovie &#8211; Pologne &#8211; octobre 2019 Apprentie magicienne! Pendant [&hellip;]<\/p>\n","protected":false},"author":1,"featured_media":0,"parent":0,"menu_order":0,"comment_status":"closed","ping_status":"closed","template":"","meta":{"spay_email":""},"_links":{"self":[{"href":"https:\/\/www.geraldinemaurin.com\/pouratlefaire\/wp-json\/wp\/v2\/pages\/285"}],"collection":[{"href":"https:\/\/www.geraldinemaurin.com\/pouratlefaire\/wp-json\/wp\/v2\/pages"}],"about":[{"href":"https:\/\/www.geraldinemaurin.com\/pouratlefaire\/wp-json\/wp\/v2\/types\/page"}],"author":[{"embeddable":true,"href":"https:\/\/www.geraldinemaurin.com\/pouratlefaire\/wp-json\/wp\/v2\/users\/1"}],"replies":[{"embeddable":true,"href":"https:\/\/www.geraldinemaurin.com\/pouratlefaire\/wp-json\/wp\/v2\/comments?post=285"}],"version-history":[{"count":15,"href":"https:\/\/www.geraldinemaurin.com\/pouratlefaire\/wp-json\/wp\/v2\/pages\/285\/revisions"}],"predecessor-version":[{"id":1811,"href":"https:\/\/www.geraldinemaurin.com\/pouratlefaire\/wp-json\/wp\/v2\/pages\/285\/revisions\/1811"}],"wp:attachment":[{"href":"https:\/\/www.geraldinemaurin.com\/pouratlefaire\/wp-json\/wp\/v2\/media?parent=285"}],"curies":[{"name":"wp","href":"https:\/\/api.w.org\/{rel}","templated":true}]}}