{"id":22,"date":"2019-06-03T17:16:40","date_gmt":"2019-06-03T15:16:40","guid":{"rendered":"http:\/\/geraldinemaurin.com\/pouratlefaire\/?page_id=22"},"modified":"2019-06-11T17:33:50","modified_gmt":"2019-06-11T15:33:50","slug":"dernieres-nouvelles","status":"publish","type":"page","link":"https:\/\/www.geraldinemaurin.com\/pouratlefaire\/","title":{"rendered":"Derni\u00e8res nouvelles"},"content":{"rendered":"\t\t<div data-elementor-type=\"wp-post\" data-elementor-id=\"22\" class=\"elementor elementor-22\" data-elementor-settings=\"[]\">\n\t\t\t\t\t\t<div class=\"elementor-inner\">\n\t\t\t\t\t\t\t<div class=\"elementor-section-wrap\">\n\t\t\t\t\t\t\t<section class=\"elementor-section elementor-top-section elementor-element elementor-element-54c06ee elementor-section-boxed elementor-section-height-default elementor-section-height-default\" data-id=\"54c06ee\" data-element_type=\"section\">\n\t\t\t\t\t\t<div class=\"elementor-container elementor-column-gap-default\">\n\t\t\t\t\t\t\t<div class=\"elementor-row\">\n\t\t\t\t\t<div class=\"elementor-column elementor-col-100 elementor-top-column elementor-element elementor-element-076f71c\" data-id=\"076f71c\" data-element_type=\"column\">\n\t\t\t<div class=\"elementor-column-wrap elementor-element-populated\">\n\t\t\t\t\t\t\t<div class=\"elementor-widget-wrap\">\n\t\t\t\t\t\t<div class=\"elementor-element elementor-element-2f64e10 elementor-widget elementor-widget-premium-addon-blog\" data-id=\"2f64e10\" data-element_type=\"widget\" data-widget_type=\"premium-addon-blog.default\">\n\t\t\t\t<div class=\"elementor-widget-container\">\n\t\t\t    <div class=\"premium-blog\">\n                <div class=\"premium-blog-wrap premium-blog-masonry premium-blog-col-1\" data-layout=\"masonry\" data-equal=\"\">\n\n                    <div class=\"premium-blog-post-outer-container\">\n            <div class=\"premium-blog-post-container premium-blog-skin-modern\">\n                                <div class=\"premium-blog-thumb-effect-wrapper\">\n                    <div class=\"premium-blog-thumbnail-container premium-blog-zoomin-effect\">\n                                            <\/div>\n                                            <div class=\"premium-blog-effect-container premium-blog-framed-effect\">\n                            <a class=\"premium-blog-post-link\" href=\"https:\/\/www.geraldinemaurin.com\/pouratlefaire\/2020\/04\/03\/australie-20-mars-2020-1er-avril-2020\/\" target=\"_blank\"><\/a>\n                                                    <\/div>\n                                    <\/div>\n                                                <div class=\"premium-blog-content-wrapper empty-thumb\">\n                    <div class=\"premium-blog-inner-container\">\n                                                <div class=\"premium-blog-entry-container\">\n                                    \n        <h2 class=\"premium-blog-entry-title\">\n            <a href=\"https:\/\/www.geraldinemaurin.com\/pouratlefaire\/2020\/04\/03\/australie-20-mars-2020-1er-avril-2020\/\" target=\"_blank\">\n                Australie &#8211; 20 mars 2020 &#8211; 1er avril 2020            <\/a>\n        <\/h2>\n        \n            \n        <div class=\"premium-blog-entry-meta\" style=\"margin-left:0px\">\n        \n            \n                            <span class=\"premium-blog-meta-separator\">|<\/span>\n                <span class=\"premium-blog-post-time premium-blog-meta-data\">\n                    <i class=\"fa fa-calendar fa-fw\"><\/i>\n                    <span>3 avril 2020<\/span>\n                <\/span>\n            \n            \n                            <span class=\"premium-blog-meta-separator\">|<\/span>\n                <span class=\"premium-blog-post-comments premium-blog-meta-data\">\n                    <i class=\"fa fa-comments-o fa-fw\"><\/i>\n                    <span>\n                        <a href=\"https:\/\/www.geraldinemaurin.com\/pouratlefaire\/2020\/04\/03\/australie-20-mars-2020-1er-avril-2020\/#comments\">6 Comments<\/a>                    <\/span>\n                <\/span>\n                    <\/div>\n        \n    \n                        <\/div>\n                    <\/div>\n\n                                        \n                                    <\/div>\n            <\/div>\n        <\/div>\n\n            <div class=\"premium-blog-post-outer-container\">\n            <div class=\"premium-blog-post-container premium-blog-skin-modern\">\n                                <div class=\"premium-blog-thumb-effect-wrapper\">\n                    <div class=\"premium-blog-thumbnail-container premium-blog-zoomin-effect\">\n                                            <\/div>\n                                            <div class=\"premium-blog-effect-container premium-blog-framed-effect\">\n                            <a class=\"premium-blog-post-link\" href=\"https:\/\/www.geraldinemaurin.com\/pouratlefaire\/2020\/03\/20\/australie-12-mars-2020-20-mars-2020\/\" target=\"_blank\"><\/a>\n                                                    <\/div>\n                                    <\/div>\n                                                <div class=\"premium-blog-content-wrapper empty-thumb\">\n                    <div class=\"premium-blog-inner-container\">\n                                                <div class=\"premium-blog-entry-container\">\n                                    \n        <h2 class=\"premium-blog-entry-title premium-blog-entry-title\">\n            <a href=\"https:\/\/www.geraldinemaurin.com\/pouratlefaire\/2020\/03\/20\/australie-12-mars-2020-20-mars-2020\/\" target=\"_blank\">\n                Australie &#8211; 12 mars 2020 &#8211; 20 mars 2020            <\/a>\n        <\/h2>\n        \n            \n        <div class=\"premium-blog-entry-meta\" style=\"margin-left:0px\">\n        \n            \n                            <span class=\"premium-blog-meta-separator\">|<\/span>\n                <span class=\"premium-blog-post-time premium-blog-meta-data\">\n                    <i class=\"fa fa-calendar fa-fw\"><\/i>\n                    <span>20 mars 2020<\/span>\n                <\/span>\n            \n            \n                            <span class=\"premium-blog-meta-separator\">|<\/span>\n                <span class=\"premium-blog-post-comments premium-blog-meta-data\">\n                    <i class=\"fa fa-comments-o fa-fw\"><\/i>\n                    <span>\n                        <a href=\"https:\/\/www.geraldinemaurin.com\/pouratlefaire\/2020\/03\/20\/australie-12-mars-2020-20-mars-2020\/#comments\">1 Comment<\/a>                    <\/span>\n                <\/span>\n                    <\/div>\n        \n    \n                        <\/div>\n                    <\/div>\n\n                                        \n                                    <\/div>\n            <\/div>\n        <\/div>\n\n            <div class=\"premium-blog-post-outer-container\">\n            <div class=\"premium-blog-post-container premium-blog-skin-modern\">\n                                <div class=\"premium-blog-thumb-effect-wrapper\">\n                    <div class=\"premium-blog-thumbnail-container premium-blog-zoomin-effect\">\n                                            <\/div>\n                                            <div class=\"premium-blog-effect-container premium-blog-framed-effect\">\n                            <a class=\"premium-blog-post-link\" href=\"https:\/\/www.geraldinemaurin.com\/pouratlefaire\/2020\/03\/13\/singapour-09-mars-2020-12-mars-2020\/\" target=\"_blank\"><\/a>\n                                                    <\/div>\n                                    <\/div>\n                                                <div class=\"premium-blog-content-wrapper empty-thumb\">\n                    <div class=\"premium-blog-inner-container\">\n                                                <div class=\"premium-blog-entry-container\">\n                                    \n        <h2 class=\"premium-blog-entry-title premium-blog-entry-title premium-blog-entry-title\">\n            <a href=\"https:\/\/www.geraldinemaurin.com\/pouratlefaire\/2020\/03\/13\/singapour-09-mars-2020-12-mars-2020\/\" target=\"_blank\">\n                Singapour &#8211; 09 mars 2020 &#8211; 12 mars 2020            <\/a>\n        <\/h2>\n        \n            \n        <div class=\"premium-blog-entry-meta\" style=\"margin-left:0px\">\n        \n            \n                            <span class=\"premium-blog-meta-separator\">|<\/span>\n                <span class=\"premium-blog-post-time premium-blog-meta-data\">\n                    <i class=\"fa fa-calendar fa-fw\"><\/i>\n                    <span>13 mars 2020<\/span>\n                <\/span>\n            \n            \n                            <span class=\"premium-blog-meta-separator\">|<\/span>\n                <span class=\"premium-blog-post-comments premium-blog-meta-data\">\n                    <i class=\"fa fa-comments-o fa-fw\"><\/i>\n                    <span>\n                        <a href=\"https:\/\/www.geraldinemaurin.com\/pouratlefaire\/2020\/03\/13\/singapour-09-mars-2020-12-mars-2020\/#comments\">2 Comments<\/a>                    <\/span>\n                <\/span>\n                    <\/div>\n        \n    \n                        <\/div>\n                    <\/div>\n\n                                        \n                                    <\/div>\n            <\/div>\n        <\/div>\n\n            <\/div>\n    <\/div>\n            <div class=\"premium-blog-pagination-container\">\n            <ul class='page-numbers'>\n\t<li><span aria-current=\"page\" class=\"page-numbers current\">1<\/span><\/li>\n\t<li><a class=\"page-numbers\" href=\"https:\/\/www.geraldinemaurin.com\/pouratlefaire\/wp-json\/wp\/v2\/pages\/22\/page\/2\/\">2<\/a><\/li>\n\t<li><a class=\"page-numbers\" href=\"https:\/\/www.geraldinemaurin.com\/pouratlefaire\/wp-json\/wp\/v2\/pages\/22\/page\/3\/\">3<\/a><\/li>\n\t<li><span class=\"page-numbers dots\">\u2026<\/span><\/li>\n\t<li><a class=\"page-numbers\" href=\"https:\/\/www.geraldinemaurin.com\/pouratlefaire\/wp-json\/wp\/v2\/pages\/22\/page\/10\/\">10<\/a><\/li>\n\t<li><a class=\"next page-numbers\" href=\"https:\/\/www.geraldinemaurin.com\/pouratlefaire\/wp-json\/wp\/v2\/pages\/22\/page\/2\/\">Suivant &rsaquo;<\/a><\/li>\n<\/ul>\n        <\/div>\n    \t\t<\/div>\n\t\t\t\t<\/div>\n\t\t\t\t\t\t<\/div>\n\t\t\t\t\t<\/div>\n\t\t<\/div>\n\t\t\t\t\t\t\t\t<\/div>\n\t\t\t\t\t<\/div>\n\t\t<\/section>\n\t\t\t\t\t\t<\/div>\n\t\t\t\t\t\t<\/div>\n\t\t\t\t\t<\/div>\n\t\t","protected":false},"excerpt":{"rendered":"<p>Pourat partis! 11 juin 2019 0 Comments Larguez les amarres, mettez les voiles, l\u00e2chez les freins, appuyez sur la p\u00e9dale, attachez vos ceintures, mettez le turbo, souquez ferme. Start! Feu! Go! Partez Pourat! Premi\u00e8re grosse \u00e9tape : Bruxelles ! (prononcer Brussels) \u00c7a se dit \u00ab voyage pluvieux, voyage heureux ?? \u00bb On vous embrasse ! [&hellip;]<\/p>\n","protected":false},"author":1,"featured_media":0,"parent":0,"menu_order":0,"comment_status":"closed","ping_status":"closed","template":"","meta":{"spay_email":""},"_links":{"self":[{"href":"https:\/\/www.geraldinemaurin.com\/pouratlefaire\/wp-json\/wp\/v2\/pages\/22"}],"collection":[{"href":"https:\/\/www.geraldinemaurin.com\/pouratlefaire\/wp-json\/wp\/v2\/pages"}],"about":[{"href":"https:\/\/www.geraldinemaurin.com\/pouratlefaire\/wp-json\/wp\/v2\/types\/page"}],"author":[{"embeddable":true,"href":"https:\/\/www.geraldinemaurin.com\/pouratlefaire\/wp-json\/wp\/v2\/users\/1"}],"replies":[{"embeddable":true,"href":"https:\/\/www.geraldinemaurin.com\/pouratlefaire\/wp-json\/wp\/v2\/comments?post=22"}],"version-history":[{"count":7,"href":"https:\/\/www.geraldinemaurin.com\/pouratlefaire\/wp-json\/wp\/v2\/pages\/22\/revisions"}],"predecessor-version":[{"id":154,"href":"https:\/\/www.geraldinemaurin.com\/pouratlefaire\/wp-json\/wp\/v2\/pages\/22\/revisions\/154"}],"wp:attachment":[{"href":"https:\/\/www.geraldinemaurin.com\/pouratlefaire\/wp-json\/wp\/v2\/media?parent=22"}],"curies":[{"name":"wp","href":"https:\/\/api.w.org\/{rel}","templated":true}]}}